{"id":8,"date":"2018-01-05T19:15:10","date_gmt":"2018-01-05T19:15:10","guid":{"rendered":"http:\/\/www.vzschrudim.cz\/?page_id=8"},"modified":"2024-02-25T22:13:22","modified_gmt":"2024-02-25T22:13:22","slug":"stanice-sec","status":"publish","type":"page","link":"https:\/\/www.vzschrudim.cz\/index.php\/stanice-sec\/","title":{"rendered":"SPP VZS na Se\u010di"},"content":{"rendered":"<p><span style=\"font-family: arial, helvetica, sans-serif;\"><strong><span style=\"font-size: 20px;\">Stanice prvn\u00ed pomoci VZS \u010c\u010cK Chrudim na Vodn\u00edm d\u00edle Se\u010d:<\/span><br \/>\n<\/strong><\/span><\/p>\n<p><span style=\"font-family: arial, helvetica, sans-serif;\"><strong>Are\u00e1l Autokempu Pl\u00e1\u017e na Se\u010di&nbsp;<\/strong> &nbsp; &nbsp; &nbsp; &nbsp; &nbsp; &nbsp; &nbsp; &nbsp; &nbsp; &nbsp; &nbsp; &nbsp; &nbsp; &nbsp; &nbsp; &nbsp; &nbsp; &nbsp; &nbsp; &nbsp; &nbsp; &nbsp; &nbsp;&nbsp;<\/span><br \/>\n<span style=\"font-family: arial, helvetica, sans-serif;\">Objekt ev. \u010d. 327 &#8211; mezi sekcemi kempu B a C&nbsp; &nbsp; &nbsp; &nbsp; &nbsp; &nbsp; &nbsp; &nbsp; &nbsp; &nbsp;<a href=\"https:\/\/mapy.cz\/s\/3pmZ0\"><img loading=\"lazy\" decoding=\"async\" class=\"size-full wp-image-213 alignnone\" src=\"http:\/\/www.vzschrudim.cz\/wp-content\/uploads\/2019\/02\/usericon.png\" alt=\"\" width=\"88\" height=\"31\"><\/a> &nbsp;<\/span><br \/>\n<span style=\"font-family: arial, helvetica, sans-serif;\">538&nbsp;07 Se\u010d&nbsp;&nbsp;<\/span><\/p>\n<p>&nbsp;<\/p>\n<p style=\"text-align: left;\"><span style=\"font-family: arial, helvetica, sans-serif;\">Stanice je provozu od 1. \u010cervence do 31. Srpna v re\u017eimu 24\/7 <\/span><\/p>\n<p style=\"text-align: left;\"><span style=\"font-family: arial, helvetica, sans-serif;\">&#8211; B\u011bhem t\u00e9to doby jsme v\u017edy k zasti\u017een\u00ed na telefonn\u00edm \u010d\u00edle&nbsp; <\/span><\/p>\n<p style=\"text-align: left;\"><span style=\"font-family: arial, helvetica, sans-serif; font-size: 32px; color: #ff0000;\"><strong>+420<\/strong>&nbsp;<strong>608&nbsp;545&nbsp;889<\/strong><\/span><\/p>\n<p>&nbsp;<\/p>\n<p><strong><span style=\"font-family: arial, helvetica, sans-serif; font-size: 16px;\">Na stanici poskytujeme tyto slu\u017eby:<\/span><\/strong><\/p>\n<p><span style=\"font-family: arial, helvetica, sans-serif;\">&#8211; Z\u00e1chrana osob na vodn\u00ed plo\u0161e&nbsp;<\/span><br \/>\n<span style=\"font-family: arial, helvetica, sans-serif;\"><span style=\"font-size: 12px;\">(tonut\u00ed, vyhled\u00e1v\u00e1n\u00ed ztracen\u00fdch osob atd.)<\/span><\/span><\/p>\n<p><span style=\"font-family: arial, helvetica, sans-serif;\">&#8211; Technick\u00e1 pomoc na vod\u011b&nbsp;<\/span><br \/>\n<span style=\"font-family: arial, helvetica, sans-serif;\"><span style=\"font-family: arial, helvetica, sans-serif; font-size: 12px;\">(pomoc plavidl\u016fm s technickou z\u00e1vadou, p\u0159evr\u00e1cen\u00e1 plavidla,&nbsp;<\/span><span style=\"font-family: arial, helvetica, sans-serif; font-size: 12px;\">odstran\u011bn\u00ed p\u0159ek\u00e1\u017eek z plavebn\u00ed dr\u00e1hy atd.)<\/span><\/span><\/p>\n<p><span style=\"font-family: arial, helvetica, sans-serif;\">&#8211; O\u0161et\u0159en\u00ed \u00farazov\u00fdch stav\u016f&nbsp;<\/span><br \/>\n<span style=\"font-family: arial, helvetica, sans-serif;\"><span style=\"font-size: 12px;\">(drobn\u00e9 a akutn\u00ed \u00farazov\u00e9 stavy \u2013 od\u0159eniny, krv\u00e1cen\u00ed, zlomeniny, apod.)<\/span><\/span><\/p>\n<p><span style=\"font-family: arial, helvetica, sans-serif;\">&#8211; Neodkladn\u00e1 p\u0159ednemocni\u010dn\u00ed p\u00e9\u010de&nbsp;<\/span><br \/>\n<span style=\"font-family: arial, helvetica, sans-serif;\"><span style=\"font-size: 12px;\">(akutn\u00ed neodkladn\u00e9 stavy ohro\u017euj\u00edc\u00ed zdrav\u00ed nebo \u017eivot)<\/span><\/span><\/p>\n<p><span style=\"font-family: arial, helvetica, sans-serif;\">&#8211; Z\u00e1chrann\u00e9 pr\u00e1ce osob v t\u011b\u017eko dostupn\u00e9m ter\u00e9nu&nbsp;<\/span><br \/>\n<span style=\"font-family: arial, helvetica, sans-serif;\"><span style=\"font-size: 12px;\">(vypro\u0161t\u011bn\u00ed a transport k p\u0159ed\u00e1n\u00ed ZZS)<\/span><\/span><\/p>\n<p><span style=\"font-family: arial, helvetica, sans-serif;\">&#8211; Preventivn\u00ed \u010dinnost&nbsp;<\/span><br \/>\n<span style=\"font-family: arial, helvetica, sans-serif;\"><span style=\"font-size: 12px;\">(uk\u00e1zky \u010dinnosti a bezpe\u010dnost u vodn\u00edch ploch pro t\u00e1bory a organizovan\u00e9 skupiny)<\/span><\/span><\/p>\n<p><span style=\"font-family: arial, helvetica, sans-serif;\">&#8211;<\/span><span style=\"font-family: arial, helvetica, sans-serif;\"> Mo\u017enost domluvit vyhled\u00e1v\u00e1n\u00ed pod vodou<\/span><span style=\"font-family: arial, helvetica, sans-serif; font-size: 12px;\"><br \/>\n<span style=\"font-family: arial, helvetica, sans-serif;\"><span style=\"font-size: 12px;\">(utopen\u00e1 plavidla, cennosti jako outdoorov\u00e9 kamery apod.)<\/span><\/span><\/span><\/p>\n<p>&nbsp;<\/p>\n<p>&nbsp; &nbsp; &nbsp; &nbsp;<\/p>\n<p>&nbsp;<\/p>\n<p>&nbsp;<\/p>\n","protected":false},"excerpt":{"rendered":"<p>Stanice prvn\u00ed pomoci VZS \u010c\u010cK Chrudim na Vodn\u00edm d\u00edle Se\u010d: Are\u00e1l Autokempu Pl\u00e1\u017e na Se\u010di&nbsp; &nbsp; &nbsp; &nbsp; &nbsp; &nbsp; &nbsp; &nbsp; &nbsp; &nbsp; &nbsp; &nbsp; &nbsp; &nbsp; &nbsp; &nbsp; &nbsp; &nbsp; &nbsp; &nbsp; &nbsp; &nbsp; &nbsp; &nbsp;&nbsp; Objekt ev. \u010d. 327 &#8211; mezi sekcemi kempu B a C&nbsp; &nbsp; &nbsp; &nbsp; &nbsp; &nbsp; &nbsp;&#8230;<\/p>\n","protected":false},"author":1,"featured_media":0,"parent":0,"menu_order":0,"comment_status":"closed","ping_status":"closed","template":"","meta":{"_exactmetrics_skip_tracking":false,"_exactmetrics_sitenote_active":false,"_exactmetrics_sitenote_note":"","_exactmetrics_sitenote_category":0,"ngg_post_thumbnail":0,"footnotes":""},"class_list":["post-8","page","type-page","status-publish","hentry"],"_links":{"self":[{"href":"https:\/\/www.vzschrudim.cz\/index.php\/wp-json\/wp\/v2\/pages\/8","targetHints":{"allow":["GET"]}}],"collection":[{"href":"https:\/\/www.vzschrudim.cz\/index.php\/wp-json\/wp\/v2\/pages"}],"about":[{"href":"https:\/\/www.vzschrudim.cz\/index.php\/wp-json\/wp\/v2\/types\/page"}],"author":[{"embeddable":true,"href":"https:\/\/www.vzschrudim.cz\/index.php\/wp-json\/wp\/v2\/users\/1"}],"replies":[{"embeddable":true,"href":"https:\/\/www.vzschrudim.cz\/index.php\/wp-json\/wp\/v2\/comments?post=8"}],"version-history":[{"count":15,"href":"https:\/\/www.vzschrudim.cz\/index.php\/wp-json\/wp\/v2\/pages\/8\/revisions"}],"predecessor-version":[{"id":864,"href":"https:\/\/www.vzschrudim.cz\/index.php\/wp-json\/wp\/v2\/pages\/8\/revisions\/864"}],"wp:attachment":[{"href":"https:\/\/www.vzschrudim.cz\/index.php\/wp-json\/wp\/v2\/media?parent=8"}],"curies":[{"name":"wp","href":"https:\/\/api.w.org\/{rel}","templated":true}]}}