{"id":30,"date":"2018-01-06T00:22:03","date_gmt":"2018-01-06T00:22:03","guid":{"rendered":"http:\/\/www.vzschrudim.cz\/?page_id=30"},"modified":"2024-11-26T22:10:21","modified_gmt":"2024-11-26T22:10:21","slug":"podporuji-nas","status":"publish","type":"page","link":"https:\/\/www.vzschrudim.cz\/index.php\/podporuji-nas\/","title":{"rendered":"Podporuj\u00ed n\u00e1s"},"content":{"rendered":"<p><span style=\"font-size: 10pt; font-family: arial, helvetica, sans-serif;\"><strong>Vodn\u00ed z\u00e1chrann\u00e1 slu\u017eba \u010c\u010cK Chrudim p.s. d\u011bkuje v\u0161em na\u0161im sponzor\u016fm a t\u011bm, kte\u0159\u00ed n\u00e1s odporuj\u00ed:<\/strong><\/span><\/p>\n<table style=\"border-color: #ffffff; background-color: #ffffff;\">\n<tbody>\n<tr style=\"height: 95px;\">\n<td style=\"height: 95px;\" width=\"149\"><span style=\"font-size: 12pt; font-family: arial, helvetica, sans-serif;\"><img loading=\"lazy\" decoding=\"async\" class=\"wp-image-167 aligncenter\" src=\"http:\/\/www.vzschrudim.cz\/wp-content\/uploads\/2018\/05\/Pardubick\u00fd-kraj.gif\" alt=\"\" width=\"85\" height=\"107\"><\/span><\/td>\n<td style=\"height: 95px;\" width=\"470\"><span style=\"font-family: arial, helvetica, sans-serif;\"><strong><span style=\"font-size: 10pt;\">Pardubick\u00fd kraj<\/span><\/strong><\/span>&nbsp;<\/p>\n<p><span style=\"font-size: 10pt; font-family: arial, helvetica, sans-serif;\">Finan\u010dn\u00ed podpora na v\u011bcn\u00e9 vybaven\u00ed<\/span><\/td>\n<\/tr>\n<tr style=\"height: 78px;\">\n<td style=\"text-align: center; height: 78px;\" width=\"149\"><span style=\"font-size: 12pt; font-family: arial, helvetica, sans-serif;\"><img loading=\"lazy\" decoding=\"async\" class=\"aligncenter wp-image-918\" src=\"https:\/\/www.vzschrudim.cz\/wp-content\/uploads\/2024\/11\/Logo-Chrudim-300x300.png\" alt=\"\" width=\"130\" height=\"130\" srcset=\"https:\/\/www.vzschrudim.cz\/wp-content\/uploads\/2024\/11\/Logo-Chrudim-300x300.png 300w, https:\/\/www.vzschrudim.cz\/wp-content\/uploads\/2024\/11\/Logo-Chrudim-150x150.png 150w, https:\/\/www.vzschrudim.cz\/wp-content\/uploads\/2024\/11\/Logo-Chrudim-768x768.png 768w, https:\/\/www.vzschrudim.cz\/wp-content\/uploads\/2024\/11\/Logo-Chrudim-1024x1024.png 1024w\" sizes=\"auto, (max-width: 130px) 100vw, 130px\" \/><\/span><\/td>\n<td style=\"height: 78px;\" width=\"470\"><span style=\"font-family: arial, helvetica, sans-serif;\"><strong><span style=\"font-size: 10pt;\">M\u011bsto Chrudim<\/span><\/strong><\/span>&nbsp;<\/p>\n<p><span style=\"font-size: 10pt; font-family: arial, helvetica, sans-serif;\">Finan\u010dn\u00ed podpora projekt\u016f, provozu a ml\u00e1de\u017ee<\/span><\/td>\n<\/tr>\n<tr style=\"height: 129.642px;\">\n<td style=\"text-align: center; height: 129.642px;\" width=\"149\"><span style=\"font-family: arial, helvetica, sans-serif;\"><img loading=\"lazy\" decoding=\"async\" class=\"alignnone wp-image-164 \" src=\"https:\/\/www.vzschrudim.cz\/wp-content\/uploads\/2018\/05\/M\u011bsto-Se\u010d-e1732658084679-290x300.jpg\" alt=\"\" width=\"73\" height=\"76\" srcset=\"https:\/\/www.vzschrudim.cz\/wp-content\/uploads\/2018\/05\/M\u011bsto-Se\u010d-e1732658084679-290x300.jpg 290w, https:\/\/www.vzschrudim.cz\/wp-content\/uploads\/2018\/05\/M\u011bsto-Se\u010d-e1732658084679.jpg 531w\" sizes=\"auto, (max-width: 73px) 100vw, 73px\" \/><\/span><\/td>\n<td style=\"height: 129.642px;\" width=\"470\"><span style=\"font-family: arial, helvetica, sans-serif;\"><strong><span style=\"font-size: 10pt;\">M\u011bsto Se\u010d<\/span><\/strong><\/span>&nbsp;<\/p>\n<p><span style=\"font-size: 10pt; font-family: arial, helvetica, sans-serif;\">Finan\u010dn\u00ed podpora, dlouhodob\u00e1 spolupr\u00e1ce<\/span><\/td>\n<\/tr>\n<tr style=\"height: 118px;\">\n<td style=\"height: 118px;\" width=\"149\"><span style=\"font-size: 12pt; font-family: arial, helvetica, sans-serif;\"><img loading=\"lazy\" decoding=\"async\" class=\"alignnone size-medium wp-image-919\" src=\"https:\/\/www.vzschrudim.cz\/wp-content\/uploads\/2024\/11\/Logo-sportovi\u0161t\u011b-300x71.png\" alt=\"\" width=\"300\" height=\"71\" srcset=\"https:\/\/www.vzschrudim.cz\/wp-content\/uploads\/2024\/11\/Logo-sportovi\u0161t\u011b-300x71.png 300w, https:\/\/www.vzschrudim.cz\/wp-content\/uploads\/2024\/11\/Logo-sportovi\u0161t\u011b.png 612w\" sizes=\"auto, (max-width: 300px) 100vw, 300px\" \/><\/span><\/td>\n<td style=\"height: 118px;\" width=\"470\"><span style=\"font-family: arial, helvetica, sans-serif;\"><strong><span style=\"font-size: 10pt;\">Sportovi\u0161t\u011b m\u011bsta Chrudim<\/span><\/strong><\/span>&nbsp;<\/p>\n<p><span style=\"font-size: 10pt; font-family: arial, helvetica, sans-serif;\">Dlouhodob\u00e1 spolupr\u00e1ce, poskytov\u00e1n\u00ed prostor pro tr\u00e9ninky a v\u00fdcvik, podpora VZS Chrudim<\/span><\/td>\n<\/tr>\n<tr style=\"height: 95px;\">\n<td style=\"height: 95px;\" width=\"149\"><span style=\"font-size: 12pt; font-family: arial, helvetica, sans-serif;\"><img loading=\"lazy\" decoding=\"async\" class=\"wp-image-172 aligncenter\" src=\"http:\/\/www.vzschrudim.cz\/wp-content\/uploads\/2018\/05\/\u010c\u010cK.jpg\" alt=\"\" width=\"82\" height=\"82\" srcset=\"https:\/\/www.vzschrudim.cz\/wp-content\/uploads\/2018\/05\/\u010c\u010cK.jpg 224w, https:\/\/www.vzschrudim.cz\/wp-content\/uploads\/2018\/05\/\u010c\u010cK-150x150.jpg 150w\" sizes=\"auto, (max-width: 82px) 100vw, 82px\" \/><\/span><\/td>\n<td style=\"height: 95px;\" width=\"470\"><span style=\"font-family: arial, helvetica, sans-serif;\"><strong><span style=\"font-size: 10pt;\">\u010cesk\u00fd \u010derven\u00fd k\u0159\u00ed\u017e Oblastn\u00ed spolek Chrudim<\/span><\/strong><\/span>&nbsp;<\/p>\n<p><span style=\"font-size: 10pt; font-family: arial, helvetica, sans-serif;\">Dlouhodob\u00e1 spolupr\u00e1ce <\/span><\/td>\n<\/tr>\n<tr style=\"height: 95px;\">\n<td style=\"height: 95px;\" width=\"149\"><span style=\"font-size: 12pt; font-family: arial, helvetica, sans-serif;\"><img loading=\"lazy\" decoding=\"async\" class=\"size-full wp-image-166 aligncenter\" src=\"http:\/\/www.vzschrudim.cz\/wp-content\/uploads\/2018\/05\/OMEGA-plus-Chrudim.jpg\" alt=\"\" width=\"258\" height=\"86\"><\/span><\/td>\n<td style=\"height: 95px;\" width=\"470\"><span style=\"font-family: arial, helvetica, sans-serif;\"><strong><span style=\"font-size: 10pt;\">OMEGA plus<\/span><\/strong><\/span>&nbsp;<\/p>\n<p><span style=\"font-size: 10pt; font-family: arial, helvetica, sans-serif;\">Poskytnut\u00ed dom\u00e9ny<\/span><\/td>\n<\/tr>\n<\/tbody>\n<\/table>\n<p><span style=\"font-size: 10pt; font-family: arial, helvetica, sans-serif;\"><strong>Co m\u016f\u017eeme sponzor\u016fm nab\u00eddnout:<\/strong><\/span><br \/>\n<span style=\"font-family: arial, helvetica, sans-serif; font-size: 10pt;\"> &#8211; um\u00edst\u011bn\u00ed loga a odkazu na t\u011bchto internetov\u00fdch str\u00e1nk\u00e1ch<\/span><br \/>\n<span style=\"font-family: arial, helvetica, sans-serif; font-size: 10pt;\"> &#8211; um\u00edst\u011bn\u00ed internetov\u00e9ho odkazu na\u0161ich str\u00e1nek na Va\u0161e internetov\u00e9 str\u00e1nky<br \/>\n&nbsp; (odkaz na neziskovou organizaci, kterou Va\u0161e spole\u010dnost podporuje, velmi zvy\u0161uje p\u0159edstavu o spole\u010dnosti v o\u010d\u00edch n\u00e1v\u0161t\u011bvn\u00edk\u016f webov\u00e9 prezentace)<\/span><br \/>\n<span style=\"font-family: arial, helvetica, sans-serif; font-size: 10pt;\"> &#8211; um\u00edst\u011bn\u00ed loga nebo banneru na na\u0161\u00ed Stanici prvn\u00ed pomoci na Se\u010di<\/span><br \/>\n<span style=\"font-family: arial, helvetica, sans-serif; font-size: 10pt;\"> &#8211; um\u00edst\u011bn\u00ed loga na na\u0161\u00ed n\u00e1st\u011bnce v kryt\u00e9m plaveck\u00e9m baz\u00e9nu Chrudim<\/span><br \/>\n<span style=\"font-family: arial, helvetica, sans-serif; font-size: 10pt;\"> &#8211; um\u00edst\u011bn\u00ed Va\u0161eho banneru s logem a preven\u010dn\u00edch akc\u00edch pro ve\u0159ejnost na na\u0161em st\u00e1nku<\/span><br \/>\n<span style=\"font-family: arial, helvetica, sans-serif; font-size: 10pt;\"> &#8211; prezentace Va\u0161\u00ed spole\u010dnosti na materi\u00e1lech vyd\u00e1van\u00fdch VZS \u010c\u010cK Chrudim, p. s. (let\u00e1ky, plak\u00e1ty)<br \/>\n<\/span><br \/>\n<span style=\"font-family: arial, helvetica, sans-serif; font-size: 10pt;\"> Samoz\u0159ejmost\u00ed je mo\u017enost ode\u010dten\u00ed sponzorsk\u00e9ho daru z da\u0148ov\u00e9ho z\u00e1kladu a&nbsp;pr\u016fhlednost hospoda\u0159en\u00ed VZS \u010c\u010cK Chrudim, p. s.<\/span><\/p>\n<p>V p\u0159\u00edpad\u011b z\u00e1jmu o spolupr\u00e1ci n\u00e1s nev\u00e1hejte kontaktovat<br \/>\n<strong>Tel: +420 608 545 889<\/strong><br \/>\n<strong> Email: vzs.chrudim@cbox.cz<\/strong><\/p>\n","protected":false},"excerpt":{"rendered":"<p>Vodn\u00ed z\u00e1chrann\u00e1 slu\u017eba \u010c\u010cK Chrudim p.s. d\u011bkuje v\u0161em na\u0161im sponzor\u016fm a t\u011bm, kte\u0159\u00ed n\u00e1s odporuj\u00ed: Pardubick\u00fd kraj&nbsp; Finan\u010dn\u00ed podpora na v\u011bcn\u00e9 vybaven\u00ed M\u011bsto Chrudim&nbsp; Finan\u010dn\u00ed podpora projekt\u016f, provozu a ml\u00e1de\u017ee M\u011bsto Se\u010d&nbsp; Finan\u010dn\u00ed podpora, dlouhodob\u00e1 spolupr\u00e1ce Sportovi\u0161t\u011b m\u011bsta Chrudim&nbsp; Dlouhodob\u00e1 spolupr\u00e1ce, poskytov\u00e1n\u00ed prostor pro tr\u00e9ninky a v\u00fdcvik, podpora VZS Chrudim \u010cesk\u00fd \u010derven\u00fd k\u0159\u00ed\u017e Oblastn\u00ed spolek&#8230;<\/p>\n","protected":false},"author":1,"featured_media":0,"parent":0,"menu_order":0,"comment_status":"closed","ping_status":"closed","template":"","meta":{"_exactmetrics_skip_tracking":false,"_exactmetrics_sitenote_active":false,"_exactmetrics_sitenote_note":"","_exactmetrics_sitenote_category":0,"ngg_post_thumbnail":0,"footnotes":""},"class_list":["post-30","page","type-page","status-publish","hentry"],"_links":{"self":[{"href":"https:\/\/www.vzschrudim.cz\/index.php\/wp-json\/wp\/v2\/pages\/30","targetHints":{"allow":["GET"]}}],"collection":[{"href":"https:\/\/www.vzschrudim.cz\/index.php\/wp-json\/wp\/v2\/pages"}],"about":[{"href":"https:\/\/www.vzschrudim.cz\/index.php\/wp-json\/wp\/v2\/types\/page"}],"author":[{"embeddable":true,"href":"https:\/\/www.vzschrudim.cz\/index.php\/wp-json\/wp\/v2\/users\/1"}],"replies":[{"embeddable":true,"href":"https:\/\/www.vzschrudim.cz\/index.php\/wp-json\/wp\/v2\/comments?post=30"}],"version-history":[{"count":20,"href":"https:\/\/www.vzschrudim.cz\/index.php\/wp-json\/wp\/v2\/pages\/30\/revisions"}],"predecessor-version":[{"id":928,"href":"https:\/\/www.vzschrudim.cz\/index.php\/wp-json\/wp\/v2\/pages\/30\/revisions\/928"}],"wp:attachment":[{"href":"https:\/\/www.vzschrudim.cz\/index.php\/wp-json\/wp\/v2\/media?parent=30"}],"curies":[{"name":"wp","href":"https:\/\/api.w.org\/{rel}","templated":true}]}}