{"id":264,"date":"2019-02-27T16:34:14","date_gmt":"2019-02-27T16:34:14","guid":{"rendered":"http:\/\/www.vzschrudim.cz\/?page_id=264"},"modified":"2025-09-23T09:26:34","modified_gmt":"2025-09-23T09:26:34","slug":"ke-stazeni","status":"publish","type":"page","link":"https:\/\/www.vzschrudim.cz\/index.php\/ke-stazeni\/","title":{"rendered":"Ke sta\u017een\u00ed"},"content":{"rendered":"<p><span style=\"font-size: 14px;\"><strong><span style=\"font-family: arial, helvetica, sans-serif;\">P\u0159ihl\u00e1\u0161ky: <span style=\"color: #ff0000;\">Nov\u00e9 p\u0159ihl\u00e1\u0161ky na rok 2026<\/span><\/span><\/strong><\/span><\/p>\n<p><span style=\"color: #000000;\"><a style=\"color: #000000;\" href=\"https:\/\/www.vzschrudim.cz\/wp-content\/uploads\/2025\/09\/P\u0159ihl\u00e1\u0161ka-2026-Dosp\u011bl\u00ed.pdf\"><span style=\"font-size: 14px; font-family: arial, helvetica, sans-serif;\">P\u0159ihl\u00e1\u0161ka 2026 Dosp\u011bl\u00ed (18 let v r. 2026 a star\u0161\u00ed<\/span><span style=\"font-size: 14px; font-family: arial, helvetica, sans-serif;\">)<\/span><\/a><\/span><\/p>\n<p><span style=\"color: #000000;\"><a style=\"color: #000000;\" href=\"https:\/\/www.vzschrudim.cz\/wp-content\/uploads\/2025\/09\/P\u0159ihl\u00e1\u0161ka-2026-Ml\u00e1de\u017e.pdf\"><span style=\"font-size: 14px; font-family: arial, helvetica, sans-serif;\">P\u0159ihl\u00e1\u0161ka 2026 Ml\u00e1de\u017e<\/span><\/a><\/span><\/p>\n<p><span style=\"font-family: arial, helvetica, sans-serif; font-size: 14px; color: #000000;\"><a style=\"color: #000000;\" href=\"https:\/\/www.vzschrudim.cz\/wp-content\/uploads\/2019\/02\/gdpr.pdf\">Souhlas se zpracov\u00e1n\u00edm osobn\u00edch \u00fadaj\u016f (GDPR)<\/a><\/span><\/p>\n<p><span style=\"font-size: 14px; font-family: arial, helvetica, sans-serif;\"><strong>V\u00fdro\u010dn\u00ed zpr\u00e1vy:<\/strong><\/span><\/p>\n<p><span style=\"color: #000000;\"><span style=\"font-family: arial, helvetica, sans-serif; font-size: 14px;\"><a style=\"color: #000000;\" href=\"https:\/\/www.vzschrudim.cz\/wp-content\/uploads\/2024\/09\/V\u00fdro\u010dn\u00ed-zpr\u00e1va-2023.pdf\">V\u00fdro\u010dn\u00ed zpr\u00e1va 2023<\/a><\/span><\/span><\/p>\n<p><span style=\"color: #000000;\"><a style=\"color: #000000;\" href=\"https:\/\/www.vzschrudim.cz\/wp-content\/uploads\/2023\/06\/V\u00fdro\u010dn\u00ed-zpr\u00e1va-2022.pdf\"><span style=\"font-family: arial, helvetica, sans-serif; font-size: 14px;\">V\u00fdro\u010dn\u00ed zpr\u00e1va 2022<\/span><\/a><\/span><\/p>\n<p><span style=\"text-decoration: underline;\"><a href=\"https:\/\/www.vzschrudim.cz\/wp-content\/uploads\/2023\/06\/V\u00fdro\u010dn\u00ed-zpr\u00e1va-2021.pdf\"><span style=\"font-family: arial, helvetica, sans-serif; font-size: 14px; color: #000000; text-decoration: underline;\">V\u00fdro\u010dn\u00ed zpr\u00e1va 2021<\/span><\/a><\/span><\/p>\n<p><span style=\"text-decoration: underline;\"><a href=\"https:\/\/www.vzschrudim.cz\/wp-content\/uploads\/2023\/06\/V\u00fdro\u010dn\u00ed-zpr\u00e1va-2020.pdf\"><span style=\"font-family: arial, helvetica, sans-serif; font-size: 14px; color: #000000; text-decoration: underline;\">V\u00fdro\u010dn\u00ed zpr\u00e1va 2020<\/span><\/a><\/span><\/p>\n<p><span style=\"color: #000000;\"><a style=\"color: #000000;\" href=\"https:\/\/www.vzschrudim.cz\/wp-content\/uploads\/2023\/06\/V\u00fdro\u010dn\u00ed-zpr\u00e1va-2019.pdf\"><span style=\"font-family: arial, helvetica, sans-serif; font-size: 14px;\">V\u00fdro\u010dn\u00ed zpr\u00e1va 2019<\/span><\/a><\/span><\/p>\n<p><span style=\"font-family: arial, helvetica, sans-serif; font-size: 14px; color: #000000;\"><a style=\"color: #000000;\" href=\"https:\/\/www.vzschrudim.cz\/wp-content\/uploads\/2023\/06\/V\u00fdro\u010dn\u00ed-zpr\u00e1va-2018.pdf\">V\u00fdro\u010dn\u00ed zpr\u00e1va 2018<\/a><\/span><\/p>\n<p><span style=\"font-family: arial, helvetica, sans-serif; font-size: 14px; color: #000000;\"><a style=\"color: #000000;\" href=\"https:\/\/www.vzschrudim.cz\/wp-content\/uploads\/2023\/06\/V\u00fdro\u010dn\u00ed-zpr\u00e1va-2017.pdf\">V\u00fdro\u010dn\u00ed zpr\u00e1va 2017<\/a><\/span><\/p>\n<p><span style=\"font-family: arial, helvetica, sans-serif; font-size: 14px; color: #000000;\"><a style=\"color: #000000;\" href=\"https:\/\/www.vzschrudim.cz\/wp-content\/uploads\/2023\/06\/V\u00fdro\u010dn\u00ed-zpr\u00e1va-2016.pdf\">V\u00fdro\u010dn\u00ed zpr\u00e1va 2016<\/a><\/span><\/p>\n<p><span style=\"font-family: arial, helvetica, sans-serif; font-size: 14px; color: #000000;\"><a style=\"color: #000000;\" href=\"https:\/\/www.vzschrudim.cz\/wp-content\/uploads\/2023\/06\/V\u00fdro\u010dn\u00ed-zpr\u00e1va-2015.pdf\">V\u00fdro\u010dn\u00ed zpr\u00e1va 2015<\/a><\/span><\/p>\n<p>&nbsp;<\/p>\n","protected":false},"excerpt":{"rendered":"<p>P\u0159ihl\u00e1\u0161ky: Nov\u00e9 p\u0159ihl\u00e1\u0161ky na rok 2026 P\u0159ihl\u00e1\u0161ka 2026 Dosp\u011bl\u00ed (18 let v r. 2026 a star\u0161\u00ed) P\u0159ihl\u00e1\u0161ka 2026 Ml\u00e1de\u017e Souhlas se zpracov\u00e1n\u00edm osobn\u00edch \u00fadaj\u016f (GDPR) V\u00fdro\u010dn\u00ed zpr\u00e1vy: V\u00fdro\u010dn\u00ed zpr\u00e1va 2023 V\u00fdro\u010dn\u00ed zpr\u00e1va 2022 V\u00fdro\u010dn\u00ed zpr\u00e1va 2021 V\u00fdro\u010dn\u00ed zpr\u00e1va 2020 V\u00fdro\u010dn\u00ed zpr\u00e1va 2019 V\u00fdro\u010dn\u00ed zpr\u00e1va 2018 V\u00fdro\u010dn\u00ed zpr\u00e1va 2017 V\u00fdro\u010dn\u00ed zpr\u00e1va 2016 V\u00fdro\u010dn\u00ed zpr\u00e1va 2015 &nbsp;<\/p>\n","protected":false},"author":2,"featured_media":0,"parent":0,"menu_order":0,"comment_status":"closed","ping_status":"closed","template":"","meta":{"_exactmetrics_skip_tracking":false,"_exactmetrics_sitenote_active":false,"_exactmetrics_sitenote_note":"","_exactmetrics_sitenote_category":0,"ngg_post_thumbnail":0,"footnotes":""},"class_list":["post-264","page","type-page","status-publish","hentry"],"_links":{"self":[{"href":"https:\/\/www.vzschrudim.cz\/index.php\/wp-json\/wp\/v2\/pages\/264","targetHints":{"allow":["GET"]}}],"collection":[{"href":"https:\/\/www.vzschrudim.cz\/index.php\/wp-json\/wp\/v2\/pages"}],"about":[{"href":"https:\/\/www.vzschrudim.cz\/index.php\/wp-json\/wp\/v2\/types\/page"}],"author":[{"embeddable":true,"href":"https:\/\/www.vzschrudim.cz\/index.php\/wp-json\/wp\/v2\/users\/2"}],"replies":[{"embeddable":true,"href":"https:\/\/www.vzschrudim.cz\/index.php\/wp-json\/wp\/v2\/comments?post=264"}],"version-history":[{"count":32,"href":"https:\/\/www.vzschrudim.cz\/index.php\/wp-json\/wp\/v2\/pages\/264\/revisions"}],"predecessor-version":[{"id":983,"href":"https:\/\/www.vzschrudim.cz\/index.php\/wp-json\/wp\/v2\/pages\/264\/revisions\/983"}],"wp:attachment":[{"href":"https:\/\/www.vzschrudim.cz\/index.php\/wp-json\/wp\/v2\/media?parent=264"}],"curies":[{"name":"wp","href":"https:\/\/api.w.org\/{rel}","templated":true}]}}