{"id":243,"date":"2019-02-27T13:09:21","date_gmt":"2019-02-27T13:09:21","guid":{"rendered":"http:\/\/www.vzschrudim.cz\/?page_id=243"},"modified":"2025-09-14T12:04:10","modified_gmt":"2025-09-14T12:04:10","slug":"nabor-novych-clenu","status":"publish","type":"page","link":"https:\/\/www.vzschrudim.cz\/","title":{"rendered":"N\u00e1bor nov\u00fdch \u010dlen\u016f"},"content":{"rendered":"<h3 style=\"text-align: center;\"><span style=\"font-size: 28px;\">Hled\u00e1me nov\u00e9 z\u00e1chran\u00e1\u0159e!<br \/>\n<\/span><br \/>\n<img loading=\"lazy\" decoding=\"async\" class=\"alignnone size-full wp-image-978\" src=\"https:\/\/www.vzschrudim.cz\/wp-content\/uploads\/2025\/09\/N\u00e1bor2025.jpg\" alt=\"\" width=\"598\" height=\"843\" srcset=\"https:\/\/www.vzschrudim.cz\/wp-content\/uploads\/2025\/09\/N\u00e1bor2025.jpg 598w, https:\/\/www.vzschrudim.cz\/wp-content\/uploads\/2025\/09\/N\u00e1bor2025-213x300.jpg 213w\" sizes=\"auto, (max-width: 598px) 100vw, 598px\" \/><\/h3>\n<p><strong>Co m\u016f\u017ee\u0161 o\u010dek\u00e1vat od \u010dlenstv\u00ed ve Vodn\u00ed z\u00e1chrann\u00e9 slu\u017eb\u011b Chrudim:<\/strong><\/p>\n<ul>\n<li>pravideln\u00e9 tr\u00e9ninky v kryt\u00e9m plaveck\u00e9m baz\u00e9nu v Chrudimi<\/li>\n<li>v\u00edkendov\u00e9 v\u00fdcviky v\u010detn\u011b pot\u00e1p\u011bn\u00ed, lezen\u00ed, sjezdu divok\u00e9 vody<\/li>\n<li>vzd\u011bl\u00e1v\u00e1n\u00ed v prvn\u00ed pomoci pod veden\u00edm profesion\u00e1ln\u00edch zdravotn\u00edk\u016f<\/li>\n<li>mo\u017enost slou\u017eit na na\u0161\u00ed stanici prvn\u00ed pomoci na Se\u010di<\/li>\n<li>sm\u011b\u0159ov\u00e1n\u00ed k z\u00edsk\u00e1n\u00ed z\u00e1chran\u00e1\u0159sk\u00fdch kvalifikac\u00ed<\/li>\n<li>mo\u017enost z\u00edskat opr\u00e1vn\u011bn\u00ed k \u0159\u00edzen\u00ed motorov\u00e9ho \u010dlunu (v\u016fdce mal\u00e9ho plavidla)<\/li>\n<\/ul>\n<p><strong>Co po\u017eadujeme po nov\u00fdch \u010dlenech od 15 let:<\/strong><\/p>\n<ul>\n<li>uplavat 200 metr\u016f v kuse libovoln\u00fdm plaveck\u00fdm zp\u016fsobem<\/li>\n<li>uplavat 15 metr\u016f pod vodou<\/li>\n<\/ul>\n<p><strong>\u010clensk\u00fd p\u0159\u00edsp\u011bvek<\/strong> na kalend\u00e1\u0159n\u00ed rok \u010din\u00ed 2000 K\u010d, lze jej hradit odpracovan\u00fdmi brig\u00e1dnick\u00fdmi hodinami.<\/p>\n<p><strong data-start=\"798\" data-end=\"834\">Chce\u0161 se p\u0159idat nebo m\u00e1\u0161 dotazy?<\/strong><br data-start=\"834\" data-end=\"837\">Pokud se nem\u016f\u017ee\u0161 z\u00fa\u010dastnit n\u00e1borov\u00e9ho tr\u00e9ninku, zavolej na \u010d\u00edslo <strong data-start=\"902\" data-end=\"917\">608 545 889<\/strong> \u2013 ur\u010dit\u011b se domluv\u00edme!<\/p>\n<h3 style=\"text-align: center;\"><span style=\"font-size: 20px;\">N\u00e1bor nov\u00fdch \u010dlen\u016f do odd\u00edlu ml\u00e1de\u017ee<\/span><\/h3>\n<p><img loading=\"lazy\" decoding=\"async\" class=\"alignnone size-medium wp-image-955 aligncenter\" src=\"https:\/\/www.vzschrudim.cz\/wp-content\/uploads\/2024\/11\/IMG_0015-300x225.jpeg\" alt=\"\" width=\"300\" height=\"225\" srcset=\"https:\/\/www.vzschrudim.cz\/wp-content\/uploads\/2024\/11\/IMG_0015-300x225.jpeg 300w, https:\/\/www.vzschrudim.cz\/wp-content\/uploads\/2024\/11\/IMG_0015-768x576.jpeg 768w, https:\/\/www.vzschrudim.cz\/wp-content\/uploads\/2024\/11\/IMG_0015-1024x768.jpeg 1024w\" sizes=\"auto, (max-width: 300px) 100vw, 300px\" \/><\/p>\n<p><strong>Co t\u011b \u010dek\u00e1 v&nbsp;odd\u00edlu ml\u00e1de\u017ee Vodn\u00ed z\u00e1chrann\u00e9 slu\u017eby Chrudim?<\/strong><\/p>\n<p>Hlavn\u00ed \u010dinnost\u00ed jsou <strong data-start=\"218\" data-end=\"241\">pravideln\u00e9 tr\u00e9ninky<\/strong>, kter\u00e9 prob\u00edhaj\u00ed b\u011bhem \u0161koln\u00edho roku <strong data-start=\"279\" data-end=\"314\">ka\u017ed\u00fd \u010dtvrtek od 18:30 do 19:30<\/strong>.<\/p>\n<p><strong>B\u011bhem tr\u00e9nink\u016f se zam\u011b\u0159ujeme na:<\/strong><\/p>\n<ul>\n<li>zlep\u0161ov\u00e1n\u00ed techniky plav\u00e1n\u00ed a fyzick\u00e9 kondice<\/li>\n<li>plav\u00e1n\u00ed se z\u00e1kladn\u00ed pot\u00e1p\u011b\u010dskou v\u00fdstroj\u00ed<\/li>\n<li>techniky sebez\u00e1chrany a z\u00e1chrany tonouc\u00edch<\/li>\n<\/ul>\n<p>T\u011b\u0161it se m\u016f\u017ee\u0161 tak\u00e9 na v\u00edkendov\u00e9 akce:<\/p>\n<ul>\n<li>\u010dervnov\u00e9 soust\u0159ed\u011bn\u00ed na Se\u010di<\/li>\n<li>v\u00fduka prvn\u00ed pomoci zku\u0161en\u00fdmi lektory, v\u010detn\u011b \u0159e\u0161en\u00ed modelov\u00fdch situac\u00ed<\/li>\n<li>pot\u00e1p\u011b\u010dsk\u00e9 tr\u00e9ninky na hlubok\u00e9m baz\u00e9nu v Pardubic\u00edch<\/li>\n<li>pro pokro\u010dil\u00e9 \u010dleny mo\u017enost \u00fa\u010dasti na z\u00e1vodech ve vodn\u00edm z\u00e1chrann\u00e9m sportu<\/li>\n<\/ul>\n<p data-start=\"562\" data-end=\"592\">Co po\u017eadujeme po nov\u00fdch \u010dlenech ml\u00e1de\u017ee:<\/p>\n<ul>\n<li>zvl\u00e1dnout uplavat alespo\u0148 100 metr\u016f<\/li>\n<li>z\u00e1klady plaveck\u00fdch zp\u016fsob\u016f: kraul, znak a prsa<\/li>\n<li>chu\u0165 u\u010dit se a zkou\u0161et nov\u00e9 v\u011bci<\/li>\n<\/ul>\n<p><strong>\u010clensk\u00fd p\u0159\u00edsp\u011bvek \u010din\u00ed 1800 K\u010d\/rok.<\/strong><\/p>\n<p><strong>Zaj\u00edm\u00e1 t\u011b to? M\u00e1\u0161 dotazy?<\/strong><\/p>\n<p data-start=\"1070\" data-end=\"1178\">Pokud se nem\u016f\u017ee\u0161 z\u00fa\u010dastnit n\u00e1borov\u00e9ho tr\u00e9ninku nebo chce\u0161 v\u00edce informac\u00ed, kontaktuj hlavn\u00ed tren\u00e9rku ml\u00e1de\u017ee:<\/p>\n<p data-start=\"1180\" data-end=\"1274\"><strong data-start=\"1180\" data-end=\"1207\">MUDr. Krist\u00fdna Zelen\u00e1 &#8211; <\/strong>&nbsp;<a class=\"decorated-link cursor-pointer\" rel=\"noopener\" data-start=\"1213\" data-end=\"1274\">hruskovakristyna@email.cz<\/a><\/p>\n","protected":false},"excerpt":{"rendered":"<p>Hled\u00e1me nov\u00e9 z\u00e1chran\u00e1\u0159e! Co m\u016f\u017ee\u0161 o\u010dek\u00e1vat od \u010dlenstv\u00ed ve Vodn\u00ed z\u00e1chrann\u00e9 slu\u017eb\u011b Chrudim: pravideln\u00e9 tr\u00e9ninky v kryt\u00e9m plaveck\u00e9m baz\u00e9nu v Chrudimi v\u00edkendov\u00e9 v\u00fdcviky v\u010detn\u011b pot\u00e1p\u011bn\u00ed, lezen\u00ed, sjezdu divok\u00e9 vody vzd\u011bl\u00e1v\u00e1n\u00ed v prvn\u00ed pomoci pod veden\u00edm profesion\u00e1ln\u00edch zdravotn\u00edk\u016f mo\u017enost slou\u017eit na na\u0161\u00ed stanici prvn\u00ed pomoci na Se\u010di sm\u011b\u0159ov\u00e1n\u00ed k z\u00edsk\u00e1n\u00ed z\u00e1chran\u00e1\u0159sk\u00fdch kvalifikac\u00ed mo\u017enost z\u00edskat opr\u00e1vn\u011bn\u00ed k&#8230;<\/p>\n","protected":false},"author":2,"featured_media":0,"parent":0,"menu_order":0,"comment_status":"closed","ping_status":"closed","template":"","meta":{"_exactmetrics_skip_tracking":false,"_exactmetrics_sitenote_active":false,"_exactmetrics_sitenote_note":"","_exactmetrics_sitenote_category":0,"ngg_post_thumbnail":0,"footnotes":""},"class_list":["post-243","page","type-page","status-publish","hentry"],"_links":{"self":[{"href":"https:\/\/www.vzschrudim.cz\/index.php\/wp-json\/wp\/v2\/pages\/243","targetHints":{"allow":["GET"]}}],"collection":[{"href":"https:\/\/www.vzschrudim.cz\/index.php\/wp-json\/wp\/v2\/pages"}],"about":[{"href":"https:\/\/www.vzschrudim.cz\/index.php\/wp-json\/wp\/v2\/types\/page"}],"author":[{"embeddable":true,"href":"https:\/\/www.vzschrudim.cz\/index.php\/wp-json\/wp\/v2\/users\/2"}],"replies":[{"embeddable":true,"href":"https:\/\/www.vzschrudim.cz\/index.php\/wp-json\/wp\/v2\/comments?post=243"}],"version-history":[{"count":44,"href":"https:\/\/www.vzschrudim.cz\/index.php\/wp-json\/wp\/v2\/pages\/243\/revisions"}],"predecessor-version":[{"id":979,"href":"https:\/\/www.vzschrudim.cz\/index.php\/wp-json\/wp\/v2\/pages\/243\/revisions\/979"}],"wp:attachment":[{"href":"https:\/\/www.vzschrudim.cz\/index.php\/wp-json\/wp\/v2\/media?parent=243"}],"curies":[{"name":"wp","href":"https:\/\/api.w.org\/{rel}","templated":true}]}}