{"id":228,"date":"2019-02-27T11:58:28","date_gmt":"2019-02-27T11:58:28","guid":{"rendered":"http:\/\/www.vzschrudim.cz\/?page_id=228"},"modified":"2023-06-14T22:45:28","modified_gmt":"2023-06-14T22:45:28","slug":"nabizime","status":"publish","type":"page","link":"https:\/\/www.vzschrudim.cz\/index.php\/kdo-jsme-2\/nabizime\/","title":{"rendered":"Nab\u00edz\u00edme"},"content":{"rendered":"<p><span style=\"font-size: 16px;\"><strong><span style=\"font-family: arial, helvetica, sans-serif;\">Nab\u00edz\u00edme:<\/span><\/strong><\/span><\/p>\n<ul>\n<li><span style=\"font-size: 16px; font-family: arial, helvetica, sans-serif;\">uk\u00e1zky \u010dinnosti Vodn\u00ed z\u00e1chrann\u00e9 slu\u017eby<\/span><\/li>\n<li><span style=\"font-size: 16px; font-family: arial, helvetica, sans-serif;\">\u0161kolen\u00ed prvn\u00ed pomoci<\/span><\/li>\n<li><span style=\"font-size: 16px;\"><span style=\"font-family: arial, helvetica, sans-serif;\">zdravotnick\u00e9 nebo l\u00e9ka\u0159sk\u00e9 zaji\u0161t\u011bn\u00ed akc\u00ed<\/span><\/span><\/li>\n<li><span style=\"font-size: 16px;\"><span style=\"font-family: arial, helvetica, sans-serif;\">technick\u00e9 dozory<\/span><\/span><\/li>\n<li><span style=\"font-size: 16px; font-family: arial, helvetica, sans-serif;\">vyhled\u00e1v\u00e1n\u00ed pod vodou<\/span><\/li>\n<li><span style=\"font-size: 16px; font-family: arial, helvetica, sans-serif;\">v\u00fd\u0161kov\u00e9 pr\u00e1ce<\/span><\/li>\n<li><span style=\"font-size: 16px; font-family: arial, helvetica, sans-serif;\">ov\u011b\u0159ov\u00e1n\u00ed praktick\u00fdch dovednost\u00ed veden\u00ed mal\u00e9ho plavidla<\/span><\/li>\n<\/ul>\n<p>&nbsp;<\/p>\n<p><span style=\"font-size: 16px; font-family: arial, helvetica, sans-serif;\">V p\u0159\u00edpad\u011b z\u00e1jmu o spolupr\u00e1ci n\u00e1s nev\u00e1hejte kontaktovat<\/span><br \/>\n<span style=\"font-family: arial, helvetica, sans-serif; font-size: 16px;\"> <strong>Tel: +420 608 545 889<\/strong><\/span><br \/>\n<span style=\"font-family: arial, helvetica, sans-serif; font-size: 16px;\"> <strong> Email: vzs.chrudim@cbox.cz<\/strong><\/span><\/p>\n","protected":false},"excerpt":{"rendered":"<p>Nab\u00edz\u00edme: uk\u00e1zky \u010dinnosti Vodn\u00ed z\u00e1chrann\u00e9 slu\u017eby \u0161kolen\u00ed prvn\u00ed pomoci zdravotnick\u00e9 nebo l\u00e9ka\u0159sk\u00e9 zaji\u0161t\u011bn\u00ed akc\u00ed technick\u00e9 dozory vyhled\u00e1v\u00e1n\u00ed pod vodou v\u00fd\u0161kov\u00e9 pr\u00e1ce ov\u011b\u0159ov\u00e1n\u00ed praktick\u00fdch dovednost\u00ed veden\u00ed mal\u00e9ho plavidla &nbsp; V p\u0159\u00edpad\u011b z\u00e1jmu o spolupr\u00e1ci n\u00e1s nev\u00e1hejte kontaktovat Tel: +420 608 545 889 Email: vzs.chrudim@cbox.cz<\/p>\n","protected":false},"author":2,"featured_media":0,"parent":205,"menu_order":2,"comment_status":"closed","ping_status":"closed","template":"","meta":{"_exactmetrics_skip_tracking":false,"_exactmetrics_sitenote_active":false,"_exactmetrics_sitenote_note":"","_exactmetrics_sitenote_category":0,"ngg_post_thumbnail":0,"footnotes":""},"class_list":["post-228","page","type-page","status-publish","hentry"],"_links":{"self":[{"href":"https:\/\/www.vzschrudim.cz\/index.php\/wp-json\/wp\/v2\/pages\/228","targetHints":{"allow":["GET"]}}],"collection":[{"href":"https:\/\/www.vzschrudim.cz\/index.php\/wp-json\/wp\/v2\/pages"}],"about":[{"href":"https:\/\/www.vzschrudim.cz\/index.php\/wp-json\/wp\/v2\/types\/page"}],"author":[{"embeddable":true,"href":"https:\/\/www.vzschrudim.cz\/index.php\/wp-json\/wp\/v2\/users\/2"}],"replies":[{"embeddable":true,"href":"https:\/\/www.vzschrudim.cz\/index.php\/wp-json\/wp\/v2\/comments?post=228"}],"version-history":[{"count":12,"href":"https:\/\/www.vzschrudim.cz\/index.php\/wp-json\/wp\/v2\/pages\/228\/revisions"}],"predecessor-version":[{"id":790,"href":"https:\/\/www.vzschrudim.cz\/index.php\/wp-json\/wp\/v2\/pages\/228\/revisions\/790"}],"up":[{"embeddable":true,"href":"https:\/\/www.vzschrudim.cz\/index.php\/wp-json\/wp\/v2\/pages\/205"}],"wp:attachment":[{"href":"https:\/\/www.vzschrudim.cz\/index.php\/wp-json\/wp\/v2\/media?parent=228"}],"curies":[{"name":"wp","href":"https:\/\/api.w.org\/{rel}","templated":true}]}}