{"id":205,"date":"2019-02-27T10:14:21","date_gmt":"2019-02-27T10:14:21","guid":{"rendered":"http:\/\/www.vzschrudim.cz\/?page_id=205"},"modified":"2024-09-06T18:21:25","modified_gmt":"2024-09-06T18:21:25","slug":"kdo-jsme-2","status":"publish","type":"page","link":"https:\/\/www.vzschrudim.cz\/index.php\/kdo-jsme-2\/","title":{"rendered":"Kdo jsme"},"content":{"rendered":"<p><span style=\"font-family: arial, helvetica, sans-serif; font-size: 16px;\"><strong>Vodn\u00ed z\u00e1chrann\u00e1 slu\u017eba \u010c\u010cK Chrudim, pobo\u010dn\u00fd spolek<\/strong> <strong>(d\u00e1le VZS Chrudim)<\/strong> byla zalo\u017eena v roce 1995. Nyn\u00ed ji tvo\u0159\u00ed 51 \u010dlen\u016f, z toho 17 \u010dlen\u016f ml\u00e1de\u017ee. V sou\u010dasn\u00e9 dob\u011b realizuje VZS Chrudim svoji \u010dinnost v n\u011bkolika sm\u011brech.<\/span><\/p>\n<p><span style=\"font-family: arial, helvetica, sans-serif; font-size: 16px;\"><strong>Provoz Stanice prvn\u00ed pomoci VZS (SPP VZS) a zaji\u0161\u0165ov\u00e1n\u00ed hl\u00eddkov\u00e9 a z\u00e1chrann\u00e9 \u010dinnosti na vodn\u00edm d\u00edle Se\u010d a v nejbli\u017e\u0161\u00edm okol\u00ed.<\/strong><\/span><\/p>\n<p><span style=\"font-family: arial, helvetica, sans-serif; font-size: 16px;\">V letn\u00ed sez\u00f3n\u011b (\u010dervenec, srpen) provozuje VZS Chrudim na Se\u010di SPP VZS,<\/span><br \/>\n<span style=\"font-family: arial, helvetica, sans-serif; font-size: 16px;\">kter\u00e1 je v&nbsp;provozu 24 hodin denn\u011b. C\u00edlem je p\u0159edch\u00e1zen\u00ed \u00faraz\u016fm a&nbsp;nehod\u00e1m<\/span><br \/>\n<span style=\"font-family: arial, helvetica, sans-serif; font-size: 16px;\">a poskytov\u00e1n\u00ed prvn\u00ed roz\u0161\u00ed\u0159en\u00e9 p\u0159edl\u00e9ka\u0159sk\u00e9 pomoci, technick\u00e9 pomoci a to na vod\u011b, pod vodou i v&nbsp;p\u0159ilehl\u00e9m okol\u00ed vodn\u00ed hladiny.<\/span><\/p>\n<p><span style=\"font-family: arial, helvetica, sans-serif; font-size: 16px;\"><strong>Prevence, v\u00fduka a seznamov\u00e1n\u00ed obyvatelstva s&nbsp;problematikou z\u00e1chrany tonouc\u00edch, poskytov\u00e1n\u00ed prvn\u00ed pomoci a uk\u00e1zky \u010dinnosti.<\/strong><\/span><\/p>\n<p><span style=\"font-family: arial, helvetica, sans-serif; font-size: 16px;\">Pr\u016fb\u011b\u017en\u011b, b\u011bhem cel\u00e9ho roku, se VZS Chrudim v\u011bnuje v\u00fduce prvn\u00ed pomoci, prevenci a seznamov\u00e1n\u00ed \u0161irok\u00e9 ve\u0159ejnosti s problematikou vodn\u00ed z\u00e1chrany a to p\u0159i p\u0159\u00edle\u017eitostech r\u016fzn\u00fdch ve\u0159ejn\u00fdch akc\u00ed \u010di prezentac\u00ed pro \u0161koly t\u00e1bory nebo r\u016fzn\u00e9 spolky \u010di organizovan\u00e9 skupiny.<\/span><\/p>\n<p><span style=\"font-family: arial, helvetica, sans-serif; font-size: 16px;\"><strong>V\u00fdcvik a vzd\u011bl\u00e1v\u00e1n\u00ed \u010dlen\u016f VZS Chrudim<\/strong><\/span><\/p>\n<p><span style=\"font-family: arial, helvetica, sans-serif; font-size: 16px;\">VZS Chrudim organizuje pro sv\u00e9 \u010dleny pravideln\u00e9 tr\u00e9ninky na kryt\u00e9m plaveck\u00e9m baz\u00e9n\u011b \u010di plov\u00e1rn\u011b, d\u00e1le v\u00edkendov\u00e9 akce a cvi\u010den\u00ed v&nbsp;Chrudimi, na SPP VZS na Se\u010di nebo v&nbsp;r\u016fzn\u00e9m ter\u00e9nu. Obsahem t\u011bchto v\u00fdcvik\u016f jsou nap\u0159\u00edklad semin\u00e1\u0159e prvn\u00ed pomoci, z\u00e1chrana na proud\u00edc\u00ed i stojat\u00e9 vod\u011b, z\u00e1chrana na zamrzl\u00e9 plo\u0161e, lezen\u00ed a lanov\u00e9 techniky, pot\u00e1p\u011bn\u00ed a dal\u0161\u00ed.<\/span><\/p>\n<p><span style=\"font-family: arial, helvetica, sans-serif; font-size: 16px;\"><strong>Spolupr\u00e1ce se slo\u017ekami integrovan\u00e9ho z\u00e1chrann\u00e9ho syst\u00e9mu (IZS)<\/strong><\/span><\/p>\n<p><span style=\"font-family: arial, helvetica, sans-serif; font-size: 16px;\">VZS Chrudim je ostatn\u00ed slo\u017ekou IZS na z\u00e1klad\u011b \u201eDohody o pl\u00e1novan\u00e9 pomoci na vy\u017e\u00e1d\u00e1n\u00ed\u201c uzav\u0159en\u00e9 s Ministerstvem vnitra \u2013 Gener\u00e1ln\u00edm \u0159editelstv\u00edm HZS \u010cR a je tak\u00e9 zaps\u00e1na v \u00dast\u0159edn\u00edm poplachov\u00e9m pl\u00e1nu \u010cR. Dle pot\u0159eby spolupracujeme se v\u0161emi slo\u017ekami IZS.<\/span><\/p>\n<p><span style=\"font-family: arial, helvetica, sans-serif; font-size: 16px;\"><strong>Zaji\u0161\u0165ujeme zdravotnick\u00fd a technick\u00fd dozor na r\u016fzn\u00fdch sportovn\u00edch a komer\u010dn\u00edch akc\u00ed <\/strong><\/span><\/p>\n<p><span style=\"font-family: arial, helvetica, sans-serif; font-size: 16px;\">Dal\u0161\u00ed \u010dinnost\u00ed je zaji\u0161\u0165ov\u00e1n\u00ed dozoru p\u0159i r\u016fzn\u00fdch sportovn\u00edch akc\u00ed, jako jsou nap\u0159\u00edklad z\u00e1vody d\u00e1lkov\u00fdch plavc\u016f, jachta\u0159sk\u00e9 z\u00e1vody, triatlony, teambuildingov\u00e9 akce atd.<\/span><\/p>\n","protected":false},"excerpt":{"rendered":"<p>Vodn\u00ed z\u00e1chrann\u00e1 slu\u017eba \u010c\u010cK Chrudim, pobo\u010dn\u00fd spolek (d\u00e1le VZS Chrudim) byla zalo\u017eena v roce 1995. Nyn\u00ed ji tvo\u0159\u00ed 51 \u010dlen\u016f, z toho 17 \u010dlen\u016f ml\u00e1de\u017ee. V sou\u010dasn\u00e9 dob\u011b realizuje VZS Chrudim svoji \u010dinnost v n\u011bkolika sm\u011brech. Provoz Stanice prvn\u00ed pomoci VZS (SPP VZS) a zaji\u0161\u0165ov\u00e1n\u00ed hl\u00eddkov\u00e9 a z\u00e1chrann\u00e9 \u010dinnosti na vodn\u00edm d\u00edle Se\u010d a v&#8230;<\/p>\n","protected":false},"author":2,"featured_media":0,"parent":0,"menu_order":0,"comment_status":"closed","ping_status":"closed","template":"","meta":{"_exactmetrics_skip_tracking":false,"_exactmetrics_sitenote_active":false,"_exactmetrics_sitenote_note":"","_exactmetrics_sitenote_category":0,"ngg_post_thumbnail":0,"footnotes":""},"class_list":["post-205","page","type-page","status-publish","hentry"],"_links":{"self":[{"href":"https:\/\/www.vzschrudim.cz\/index.php\/wp-json\/wp\/v2\/pages\/205","targetHints":{"allow":["GET"]}}],"collection":[{"href":"https:\/\/www.vzschrudim.cz\/index.php\/wp-json\/wp\/v2\/pages"}],"about":[{"href":"https:\/\/www.vzschrudim.cz\/index.php\/wp-json\/wp\/v2\/types\/page"}],"author":[{"embeddable":true,"href":"https:\/\/www.vzschrudim.cz\/index.php\/wp-json\/wp\/v2\/users\/2"}],"replies":[{"embeddable":true,"href":"https:\/\/www.vzschrudim.cz\/index.php\/wp-json\/wp\/v2\/comments?post=205"}],"version-history":[{"count":15,"href":"https:\/\/www.vzschrudim.cz\/index.php\/wp-json\/wp\/v2\/pages\/205\/revisions"}],"predecessor-version":[{"id":911,"href":"https:\/\/www.vzschrudim.cz\/index.php\/wp-json\/wp\/v2\/pages\/205\/revisions\/911"}],"wp:attachment":[{"href":"https:\/\/www.vzschrudim.cz\/index.php\/wp-json\/wp\/v2\/media?parent=205"}],"curies":[{"name":"wp","href":"https:\/\/api.w.org\/{rel}","templated":true}]}}