{"id":11,"date":"2018-01-05T19:15:41","date_gmt":"2018-01-05T19:15:41","guid":{"rendered":"http:\/\/www.vzschrudim.cz\/?page_id=11"},"modified":"2024-09-05T20:03:49","modified_gmt":"2024-09-05T20:03:49","slug":"kontakty","status":"publish","type":"page","link":"https:\/\/www.vzschrudim.cz\/index.php\/kontakty\/","title":{"rendered":"Kontakty"},"content":{"rendered":"<p style=\"text-align: left;\"><span style=\"font-family: arial, helvetica, sans-serif; font-size: 10pt;\"><span style=\"color: #000000;\"><strong>Koresponden\u010dn\u00ed a faktura\u010dn\u00ed adresa:<\/strong><\/span><br \/>\n<\/span><br \/>\n<span style=\"font-family: arial, helvetica, sans-serif; font-size: 10pt;\"> Vodn\u00ed z\u00e1chrann\u00e1 slu\u017eba \u010c\u010cK Chrudim, pobo\u010dn\u00fd spolek&nbsp; &nbsp; &nbsp; &nbsp; &nbsp; &nbsp; &nbsp; &nbsp; &nbsp; &nbsp; &nbsp; &nbsp; &nbsp; &nbsp;<\/span><\/p>\n<p><span style=\"font-family: arial, helvetica, sans-serif; font-size: 10pt;\"> V Pr\u016fhonech 503&nbsp; &nbsp; &nbsp; &nbsp; &nbsp; &nbsp; &nbsp; &nbsp; &nbsp; &nbsp;&nbsp;<\/span><br \/>\n<span style=\"font-family: arial, helvetica, sans-serif; font-size: 10pt;\"> 537 03 Chrudim III&nbsp; &nbsp; &nbsp; <\/span><a href=\"https:\/\/mapy.cz\/s\/3pmYT\"><img loading=\"lazy\" decoding=\"async\" class=\"alignnone size-full wp-image-213\" src=\"http:\/\/www.vzschrudim.cz\/wp-content\/uploads\/2019\/02\/usericon.png\" alt=\"\" width=\"88\" height=\"31\"><\/a><\/p>\n<p><span style=\"font-family: arial, helvetica, sans-serif; font-size: 10pt;\">I\u010cO: 60104384<\/span><br \/>\n<span style=\"font-family: arial, helvetica, sans-serif; font-size: 10pt;\"> DI\u010c: nejsme pl\u00e1tci DPH<\/span><br \/>\n<span style=\"font-family: arial, helvetica, sans-serif; font-size: 10pt;\"> \u010c\u00edslo \u00fa\u010dtu: 2800522877\/2010<\/span><\/p>\n<p><span style=\"font-family: arial, helvetica, sans-serif; font-size: 10pt;\">Zaps\u00e1n: u&nbsp;M\u011bstsk\u00e9ho soudu v Praze pod spisovou zna\u010dkou&nbsp;L 27406<\/span><\/p>\n<p><span style=\"font-family: arial, helvetica, sans-serif; font-size: 10pt;\">E-mail: vzs.chrudim@cbox.cz<\/span><br \/>\n<span style=\"font-size: 10pt; font-family: arial, helvetica, sans-serif;\"> Telefon: (\u010cervenec-Srpen &#8211; Velitel sm\u011bny Stanice prvn\u00ed pomoci; zbytek roku p\u0159edseda PS)<\/span><\/p>\n<p><span style=\"font-size: 10pt; font-family: arial, helvetica, sans-serif;\"><strong><span style=\"font-family: arial, helvetica, sans-serif; font-size: 32px; color: #ff0000;\">+420 608 545 889<\/span><\/strong><\/span><\/p>\n<p><span style=\"font-size: 10pt; font-family: arial, helvetica, sans-serif;\"><img loading=\"lazy\" decoding=\"async\" class=\" wp-image-132 alignright\" src=\"http:\/\/www.vzschrudim.cz\/wp-content\/uploads\/2018\/05\/20170818_091241-300x169.jpg\" alt=\"\" width=\"293\" height=\"165\" srcset=\"https:\/\/www.vzschrudim.cz\/wp-content\/uploads\/2018\/05\/20170818_091241-300x169.jpg 300w, https:\/\/www.vzschrudim.cz\/wp-content\/uploads\/2018\/05\/20170818_091241-768x432.jpg 768w, https:\/\/www.vzschrudim.cz\/wp-content\/uploads\/2018\/05\/20170818_091241-1024x576.jpg 1024w\" sizes=\"auto, (max-width: 293px) 100vw, 293px\" \/><\/span><\/p>\n<p><span style=\"font-family: arial, helvetica, sans-serif; font-size: 10pt;\"><strong><span style=\"color: #000000;\">Stanice prvn\u00ed pomoci VZS \u010c\u010cK Chrudim na Se\u010di:<\/span><br \/>\n<\/strong>(provoz \u010dervenec-srpen)<\/span><\/p>\n<p><span style=\"font-family: arial, helvetica, sans-serif; font-size: 10pt;\">Stanice Vodn\u00ed z\u00e1chrann\u00e9 slu\u017eby<\/span><br \/>\n<span style=\"font-size: 10pt; font-family: arial, helvetica, sans-serif;\"> are\u00e1l Autokempu Pl\u00e1\u017e<br \/>\nChata ev. \u010d. 327&nbsp; &nbsp; &nbsp; &nbsp; &nbsp; &nbsp; &nbsp; &nbsp; &nbsp; &nbsp; &nbsp;<br \/>\n<\/span><span style=\"font-family: georgia, palatino, serif; font-size: 14px;\"><span style=\"font-family: arial, helvetica, sans-serif;\">538 07 Se\u010d<\/span>&nbsp;<\/span><span style=\"font-family: georgia, palatino, serif; font-size: 12pt;\"><span style=\"font-size: 14px;\">&nbsp;<\/span> &nbsp; &nbsp; &nbsp; &nbsp; &nbsp; &nbsp; &nbsp; <\/span><a href=\"https:\/\/mapy.cz\/s\/3pmZ0\"><img loading=\"lazy\" decoding=\"async\" class=\"size-full wp-image-213 alignnone\" style=\"font-family: georgia, palatino, serif;\" src=\"http:\/\/www.vzschrudim.cz\/wp-content\/uploads\/2019\/02\/usericon.png\" alt=\"\" width=\"88\" height=\"31\"><\/a><\/p>\n<p><span style=\"font-family: georgia, palatino, serif; font-size: 12pt;\"><strong><span style=\"font-family: 'comic sans ms', sans-serif; font-size: 10pt;\"><span style=\"color: #000000; font-family: arial, helvetica, sans-serif;\">Kontakty:<\/span><\/span><\/strong><\/span><\/p>\n<table style=\"width: 528px;\">\n<thead>\n<tr>\n<td style=\"width: 146.578px;\"><span style=\"font-size: 8pt; color: #000000; font-family: arial, helvetica, sans-serif;\"><strong>Funkce<\/strong><\/span><\/td>\n<td style=\"width: 122.484px;\"><span style=\"font-size: 8pt; color: #000000; font-family: arial, helvetica, sans-serif;\"><strong>Jm\u00e9no a p\u0159\u00edjmen\u00ed<\/strong><\/span><\/td>\n<td style=\"text-align: center; width: 76.2969px;\"><span style=\"font-size: 8pt; color: #000000; font-family: arial, helvetica, sans-serif;\"><strong>Telefon<\/strong><\/span><\/td>\n<td style=\"text-align: center; width: 154.641px;\"><span style=\"font-size: 8pt; color: #000000; font-family: arial, helvetica, sans-serif;\"><strong>E-mail<\/strong><\/span><\/td>\n<\/tr>\n<\/thead>\n<tbody>\n<tr>\n<td style=\"width: 146.578px;\"><span style=\"font-size: 8pt; font-family: arial, helvetica, sans-serif;\">P\u0159edseda a statut\u00e1rn\u00ed z\u00e1stupce<\/span><\/td>\n<td style=\"width: 122.484px;\"><span style=\"font-size: 8pt; font-family: arial, helvetica, sans-serif;\">Bc. Luk\u00e1\u0161 Jambor<\/span><\/td>\n<td style=\"text-align: center; width: 76.2969px;\"><span style=\"font-size: 8pt; font-family: arial, helvetica, sans-serif;\">608 833 770<\/span><\/td>\n<td style=\"width: 154.641px;\"><span style=\"font-size: 8pt; font-family: arial, helvetica, sans-serif;\">l.jambor@seznam.cz<\/span><\/td>\n<\/tr>\n<tr>\n<td style=\"width: 146.578px;\"><span style=\"font-size: 8pt; font-family: arial, helvetica, sans-serif;\">Pokladn\u00edk<\/span><\/td>\n<td style=\"width: 122.484px;\"><span style=\"font-size: 8pt; font-family: arial, helvetica, sans-serif;\">Ing. Ludmila Ondra\u0161\u00edkov\u00e1<\/span><\/td>\n<td style=\"text-align: center; width: 76.2969px;\">&nbsp;<\/td>\n<td style=\"width: 154.641px;\">&nbsp;<\/td>\n<\/tr>\n<tr>\n<td style=\"width: 146.578px;\"><span style=\"font-size: 8pt; font-family: arial, helvetica, sans-serif;\">\u010clen p\u0159edstavenstva<\/span><\/td>\n<td style=\"width: 122.484px;\"><span style=\"font-size: 8pt; font-family: arial, helvetica, sans-serif;\">MUDr. Krist\u00fdna Hru\u0161kov\u00e1<\/span><\/td>\n<td style=\"text-align: center; width: 76.2969px;\">&nbsp;<\/td>\n<td style=\"width: 154.641px;\">&nbsp;<\/td>\n<\/tr>\n<tr>\n<td style=\"width: 146.578px;\"><span style=\"font-size: 8pt; font-family: arial, helvetica, sans-serif;\">\u010clen p\u0159edstavenstva<\/span><\/td>\n<td style=\"width: 122.484px;\"><span style=\"font-size: 8pt; font-family: arial, helvetica, sans-serif;\">David Nov\u00e1k<\/span><\/td>\n<td style=\"text-align: center; width: 76.2969px;\">&nbsp;<\/td>\n<td style=\"width: 154.641px;\"><span style=\"font-size: 8pt; font-family: arial, helvetica, sans-serif;\">&nbsp;<\/span><\/td>\n<\/tr>\n<tr>\n<td style=\"width: 146.578px;\"><span style=\"font-size: 8pt; font-family: arial, helvetica, sans-serif;\">\u010clen p\u0159edstavenstva<\/span><\/td>\n<td style=\"width: 122.484px;\"><span style=\"font-size: 8pt; font-family: arial, helvetica, sans-serif;\">David Jon\u00e1\u0161<\/span><\/td>\n<td style=\"text-align: center; width: 76.2969px;\">&nbsp;<\/td>\n<td style=\"width: 154.641px;\"><span style=\"font-size: 8pt; font-family: arial, helvetica, sans-serif;\">&nbsp;<\/span><\/td>\n<\/tr>\n<tr>\n<td style=\"width: 146.578px;\"><span style=\"font-size: 8pt; font-family: arial, helvetica, sans-serif;\">Tren\u00e9\u0159i<\/span><\/td>\n<td style=\"width: 122.484px;\"><span style=\"font-size: 8pt; font-family: arial, helvetica, sans-serif;\">Ing. Petra Sloupensk\u00e1<\/span><\/td>\n<td style=\"text-align: center; width: 76.2969px;\">&nbsp;<\/td>\n<td style=\"width: 154.641px;\"><span style=\"font-size: 8pt; font-family: arial, helvetica, sans-serif;\">petrasloupenska@seznam.cz<\/span><\/td>\n<\/tr>\n<tr>\n<td style=\"width: 146.578px;\"><span style=\"font-size: 8pt; font-family: arial, helvetica, sans-serif;\">&nbsp;<\/span><\/td>\n<td style=\"width: 122.484px;\"><span style=\"font-size: 8pt; font-family: arial, helvetica, sans-serif;\">Bc. Luk\u00e1\u0161 Jambor<\/span><\/td>\n<td style=\"text-align: center; width: 76.2969px;\"><span style=\"font-size: 8pt; font-family: arial, helvetica, sans-serif;\">&nbsp;<\/span><\/td>\n<td style=\"width: 154.641px;\"><span style=\"font-size: 8pt; font-family: arial, helvetica, sans-serif;\">l.jambor@seznam.cz<\/span><\/td>\n<\/tr>\n<tr>\n<td style=\"width: 146.578px;\"><span style=\"font-size: 8pt; font-family: arial, helvetica, sans-serif;\">Tren\u00e9r ml\u00e1de\u017ee<\/span><\/td>\n<td style=\"width: 122.484px;\"><span style=\"font-size: 8pt; font-family: arial, helvetica, sans-serif;\">MUDr. Krist\u00fdna Hru\u0161kov\u00e1<\/span><\/td>\n<td style=\"text-align: center; width: 76.2969px;\">&nbsp;<\/td>\n<td style=\"width: 154.641px;\"><span style=\"font-size: 8pt; font-family: arial, helvetica, sans-serif;\">hruskovakristyna@email.cz<\/span><\/td>\n<\/tr>\n<\/tbody>\n<\/table>\n<p>&nbsp;<\/p>\n","protected":false},"excerpt":{"rendered":"<p>Koresponden\u010dn\u00ed a faktura\u010dn\u00ed adresa: Vodn\u00ed z\u00e1chrann\u00e1 slu\u017eba \u010c\u010cK Chrudim, pobo\u010dn\u00fd spolek&nbsp; &nbsp; &nbsp; &nbsp; &nbsp; &nbsp; &nbsp; &nbsp; &nbsp; &nbsp; &nbsp; &nbsp; &nbsp; &nbsp; V Pr\u016fhonech 503&nbsp; &nbsp; &nbsp; &nbsp; &nbsp; &nbsp; &nbsp; &nbsp; &nbsp; &nbsp;&nbsp; 537 03 Chrudim III&nbsp; &nbsp; &nbsp; I\u010cO: 60104384 DI\u010c: nejsme pl\u00e1tci DPH \u010c\u00edslo \u00fa\u010dtu: 2800522877\/2010 Zaps\u00e1n: u&nbsp;M\u011bstsk\u00e9ho soudu v&#8230;<\/p>\n","protected":false},"author":2,"featured_media":0,"parent":0,"menu_order":0,"comment_status":"closed","ping_status":"closed","template":"","meta":{"_exactmetrics_skip_tracking":false,"_exactmetrics_sitenote_active":false,"_exactmetrics_sitenote_note":"","_exactmetrics_sitenote_category":0,"ngg_post_thumbnail":0,"footnotes":""},"class_list":["post-11","page","type-page","status-publish","hentry"],"_links":{"self":[{"href":"https:\/\/www.vzschrudim.cz\/index.php\/wp-json\/wp\/v2\/pages\/11","targetHints":{"allow":["GET"]}}],"collection":[{"href":"https:\/\/www.vzschrudim.cz\/index.php\/wp-json\/wp\/v2\/pages"}],"about":[{"href":"https:\/\/www.vzschrudim.cz\/index.php\/wp-json\/wp\/v2\/types\/page"}],"author":[{"embeddable":true,"href":"https:\/\/www.vzschrudim.cz\/index.php\/wp-json\/wp\/v2\/users\/2"}],"replies":[{"embeddable":true,"href":"https:\/\/www.vzschrudim.cz\/index.php\/wp-json\/wp\/v2\/comments?post=11"}],"version-history":[{"count":47,"href":"https:\/\/www.vzschrudim.cz\/index.php\/wp-json\/wp\/v2\/pages\/11\/revisions"}],"predecessor-version":[{"id":904,"href":"https:\/\/www.vzschrudim.cz\/index.php\/wp-json\/wp\/v2\/pages\/11\/revisions\/904"}],"wp:attachment":[{"href":"https:\/\/www.vzschrudim.cz\/index.php\/wp-json\/wp\/v2\/media?parent=11"}],"curies":[{"name":"wp","href":"https:\/\/api.w.org\/{rel}","templated":true}]}}